{"id":735,"date":"2017-11-08T11:11:32","date_gmt":"2017-11-08T14:11:32","guid":{"rendered":"https:\/\/www.pxl.com.ar\/pixel247\/?post_type=product&#038;p=735"},"modified":"2018-02-23T17:26:43","modified_gmt":"2018-02-23T20:26:43","slug":"impresora-hp-laserjet-pro-m102w","status":"publish","type":"product","link":"https:\/\/www.pxl.com.ar\/pixel247\/index.php\/producto\/impresora-hp-laserjet-pro-m102w\/","title":{"rendered":"Impresora HP LaserJet Pro M102w"},"content":{"rendered":"<ul>\n<li>Velocidad de impresi\u00f3n en negro: Normal: Hasta 23 ppm<\/li>\n<li>Salida de la primera p\u00e1gina (preparada) Negro: En tan solo 7,3 segundos<\/li>\n<li>Calidad de impresi\u00f3n en negro (\u00f3ptima) : Hasta 600 x 600 dpi, HP FastRes 1200 (calidad de 1200 dpi)<\/li>\n<li>Tecnolog\u00eda de resoluci\u00f3n: HP FastRes 600 \/\u00a0 HP FastRes 1200<\/li>\n<li>Ciclo de trabajo (mensual, A4): Hasta 10000 p\u00e1ginas<\/li>\n<li>Volumen de p\u00e1ginas mensual recomendado, 150 a 1500<\/li>\n<li>Tecnolog\u00eda de impresi\u00f3n, L\u00e1ser<\/li>\n<li>Velocidad del procesador, 600 MHz<\/li>\n<\/ul>\n<dl>\n<dt><strong>Capacidad HP ePrint<\/strong><\/dt>\n<dd>S\u00ed<\/dd>\n<\/dl>\n<dl>\n<dt><strong>Impresi\u00f3n m\u00f3vil<\/strong><\/dt>\n<dd>Apple AirPrint\u2122<br \/>\nHP ePrint<br \/>\nGoogle Cloud Print 2.0<br \/>\ncertificaci\u00f3n Mopria<br \/>\nWi-Fi Direct\u00a0<sup><a class=\"sup_linked sup_spcs\">8<\/a><\/sup><\/dd>\n<\/dl>\n<dl>\n<dt><strong>Capacidad inal\u00e1mbrica<\/strong><\/dt>\n<dd>\n<ul class=\"nobullet\">\n<li>Est\u00e1ndar (Wi-Fi 802.11b\/g\/n)<\/li>\n<\/ul>\n<\/dd>\n<\/dl>\n<dl>\n<dt><strong>Conectividad, est\u00e1ndar<\/strong><\/dt>\n<dd>\n<ul class=\"nobullet\">\n<li>1 Hi-Speed USB 2.0<\/li>\n<li>Conexi\u00f3n inal\u00e1mbrica<\/li>\n<\/ul>\n<\/dd>\n<\/dl>\n<dl>\n<dt><strong>Preparado para red<\/strong><\/dt>\n<dd>Est\u00e1ndar (Wi-Fi 802.11b\/g\/n)<\/dd>\n<\/dl>\n<p>&nbsp;<\/p>\n","protected":false},"excerpt":{"rendered":"<p><em>Cartuchos de repuesto HP LaserJet 17A negro CF217A<\/em><br \/>\n<em>Tambor de creaci\u00f3n de im\u00e1genes HP LaserJet 19A CF219A<\/em><\/p>\n","protected":false},"featured_media":837,"comment_status":"open","ping_status":"closed","template":"","meta":[],"product_brand":[],"product_cat":[17,45],"product_tag":[],"class_list":{"0":"post-735","1":"product","2":"type-product","3":"status-publish","4":"has-post-thumbnail","6":"product_cat-impresion","7":"product_cat-impresoras","9":"first","10":"outofstock","11":"sale","12":"shipping-taxable","13":"purchasable","14":"product-type-simple"},"_links":{"self":[{"href":"https:\/\/www.pxl.com.ar\/pixel247\/index.php\/wp-json\/wp\/v2\/product\/735","targetHints":{"allow":["GET"]}}],"collection":[{"href":"https:\/\/www.pxl.com.ar\/pixel247\/index.php\/wp-json\/wp\/v2\/product"}],"about":[{"href":"https:\/\/www.pxl.com.ar\/pixel247\/index.php\/wp-json\/wp\/v2\/types\/product"}],"replies":[{"embeddable":true,"href":"https:\/\/www.pxl.com.ar\/pixel247\/index.php\/wp-json\/wp\/v2\/comments?post=735"}],"wp:featuredmedia":[{"embeddable":true,"href":"https:\/\/www.pxl.com.ar\/pixel247\/index.php\/wp-json\/wp\/v2\/media\/837"}],"wp:attachment":[{"href":"https:\/\/www.pxl.com.ar\/pixel247\/index.php\/wp-json\/wp\/v2\/media?parent=735"}],"wp:term":[{"taxonomy":"product_brand","embeddable":true,"href":"https:\/\/www.pxl.com.ar\/pixel247\/index.php\/wp-json\/wp\/v2\/product_brand?post=735"},{"taxonomy":"product_cat","embeddable":true,"href":"https:\/\/www.pxl.com.ar\/pixel247\/index.php\/wp-json\/wp\/v2\/product_cat?post=735"},{"taxonomy":"product_tag","embeddable":true,"href":"https:\/\/www.pxl.com.ar\/pixel247\/index.php\/wp-json\/wp\/v2\/product_tag?post=735"}],"curies":[{"name":"wp","href":"https:\/\/api.w.org\/{rel}","templated":true}]}}